{"id":95,"date":"2015-05-14T09:16:04","date_gmt":"2015-05-14T09:16:04","guid":{"rendered":"https:\/\/cirp.unipv.it\/?page_id=95"},"modified":"2015-05-26T13:20:11","modified_gmt":"2015-05-26T13:20:11","slug":"programmi-sedi","status":"publish","type":"page","link":"https:\/\/cirp.unipv.it\/?page_id=95","title":{"rendered":"Programmi sedi"},"content":{"rendered":"<p>Universit\u00e0 degli studi di Milano<\/p>\n<ul>\n<li>Dipartimento di Scienze Farmaceutiche<\/li>\n<li>Dipartimento di Chimica<\/li>\n<\/ul>\n<p>Universit\u00e0 degli studi di Messina<\/p>\n<p>Universit\u00e0 degli studi di Catania<\/p>\n<p>Universit\u00e0 degli studi di Firenze<\/p>\n<p>Universit\u00e0 degli studi di Pavia<\/p>\n<p>Universit\u00e0 degli studi di Perugia<\/p>\n<p>Politecnici di Milano<\/p>\n<p>Universit\u00e0 degli studi di Napoli Federico II<\/p>\n<p>Universit\u00e0 degli studi di Siena<\/p>\n<p>Universit\u00e0 degli studi dell&#8217;Insubria<\/p>\n<p>Universit\u00e0 degli studi della Basilicata<\/p>\n","protected":false},"excerpt":{"rendered":"<p>Universit\u00e0 degli studi di Milano Dipartimento di Scienze Farmaceutiche Dipartimento di Chimica Universit\u00e0 degli studi di Messina Universit\u00e0 degli studi di Catania Universit\u00e0 degli studi di Firenze Universit\u00e0 degli studi di Pavia Universit\u00e0 degli&#46;&#46;&#46;<\/p>\n","protected":false},"author":1,"featured_media":0,"parent":0,"menu_order":0,"comment_status":"open","ping_status":"open","template":"","meta":[],"_links":{"self":[{"href":"https:\/\/cirp.unipv.it\/index.php?rest_route=\/wp\/v2\/pages\/95"}],"collection":[{"href":"https:\/\/cirp.unipv.it\/index.php?rest_route=\/wp\/v2\/pages"}],"about":[{"href":"https:\/\/cirp.unipv.it\/index.php?rest_route=\/wp\/v2\/types\/page"}],"author":[{"embeddable":true,"href":"https:\/\/cirp.unipv.it\/index.php?rest_route=\/wp\/v2\/users\/1"}],"replies":[{"embeddable":true,"href":"https:\/\/cirp.unipv.it\/index.php?rest_route=%2Fwp%2Fv2%2Fcomments&post=95"}],"version-history":[{"count":4,"href":"https:\/\/cirp.unipv.it\/index.php?rest_route=\/wp\/v2\/pages\/95\/revisions"}],"predecessor-version":[{"id":230,"href":"https:\/\/cirp.unipv.it\/index.php?rest_route=\/wp\/v2\/pages\/95\/revisions\/230"}],"wp:attachment":[{"href":"https:\/\/cirp.unipv.it\/index.php?rest_route=%2Fwp%2Fv2%2Fmedia&parent=95"}],"curies":[{"name":"wp","href":"https:\/\/api.w.org\/{rel}","templated":true}]}}