{"id":26,"date":"2015-05-07T08:42:29","date_gmt":"2015-05-07T08:42:29","guid":{"rendered":"https:\/\/cirp.unipv.it\/?page_id=26"},"modified":"2023-03-24T10:14:30","modified_gmt":"2023-03-24T10:14:30","slug":"aderenti","status":"publish","type":"page","link":"https:\/\/cirp.unipv.it\/?page_id=26","title":{"rendered":"Afferenti"},"content":{"rendered":"<p><em><strong>ELENCO DEGLI AFFERENTI AL CENTRO<\/strong><\/em><\/p>\n<p><strong>Universit\u00e0 di Catania<\/strong><br \/>\n<strong>Venerando Pistar\u00e0<\/strong><br \/>\nAntonio Rescifina<br \/>\n<strong>Universit\u00e0 di Firenze<\/strong><br \/>\nAlberto Brandi<br \/>\nMartina Cacciarini<br \/>\nAntonella Capperucci<br \/>\nFrancesca Cardona<br \/>\nStefano Chimichi<br \/>\nStefano Cicchi<br \/>\nFranca M. Cordero<br \/>\nFrancesco De Sarlo<br \/>\nDonatella Giomi<br \/>\n<strong>Andrea Goti<\/strong><br \/>\nAntonio Guarna<br \/>\nFabrizio Machetti<br \/>\nGloria Menchi<br \/>\nStefano Menichetti<br \/>\nCristina Nativi<br \/>\nErnesto Occhiato<br \/>\nDina Scarpi<br \/>\nAndrea Trabocchi<br \/>\n<strong>Universit\u00e0 dell\u2019Insubria &#8211; Dipartimento di Scienze Chimiche e Ambientali<\/strong><br \/>\nTiziana Benincori<br \/>\n<strong>Gianluigi Broggini<\/strong><br \/>\nUmberto Piarulli<br \/>\n<strong>Universit\u00e0 di Messina &#8211; Dipartimento di Scienze Chimiche<\/strong><br \/>\n<strong>Anna Barattucci<\/strong><br \/>\nPaola Bonaccorsi<br \/>\nMassimiliano Cordaro<br \/>\nGiuseppe Gattuso<br \/>\nGiovanni Grassi<br \/>\nFranz Heinrich Kohnke<br \/>\nAnna Notti<br \/>\nMelchiorre Parisi<br \/>\nAnna Piperno<br \/>\nAngela Scala<br \/>\n<strong>Universit\u00e0 di Messina &#8211; Dipartimento di Ingegneria Elettronica, Chimica e Ingegneria Industriale<\/strong><br \/>\nDaniela Iannazzo<br \/>\n<strong>Universit\u00e0 di Messina &#8211; Dipartimento di Scienze del Farmaco e Prodotti per la Salute<\/strong><br \/>\nRoberto Romeo<br \/>\nSalvatore Giofr\u00e8<br \/>\n<strong>Universit\u00e0 di Milano &#8211; Dipartimento di Scienze Farmaceutiche (DISFARM)<\/strong><br \/>\nGiorgio Abbiati<br \/>\nEgle Maria Beccalli<br \/>\nRaffaela Bucci<br \/>\nPaola Conti<br \/>\nAlessandro Contini<br \/>\nMarco De Amici<br \/>\nLaura Castoldi<br \/>\nEmanuela Erba<br \/>\nMaria Luisa Gelmi<br \/>\nGiovanni Grazioso<br \/>\nClelia Della Noce<br \/>\n<strong>Sara Pellegrino<\/strong><br \/>\nElena Pini<br \/>\nArianna Gelain<br \/>\nLucia Tamborini<\/p>\n<p>Giorgio Facchetti<\/p>\n<p>Carlo Matera<\/p>\n<p>Valentina Pirovano<\/p>\n<p>Isabella Rimoldi<br \/>\n<strong>Universit\u00e0 di Milano &#8211; Dipartimento di Chimica<\/strong><br \/>\nEmanuela Licandro<br \/>\nGiorgio Molteni<\/p>\n<p>Silvia Cauteruccio<\/p>\n<p>Clelia Giannini<\/p>\n<p>Monica Panigati<\/p>\n<p>Daniele Passarella<\/p>\n<p>Alessandra Silvani<br \/>\n<strong>Universit\u00e0 di Napoli Federico II<\/strong><br \/>\nFlavio Cermola<br \/>\n<strong>Marina Della Greca<\/strong><br \/>\nMaria Rosaria Iesce<br \/>\nSilvana Pedatella<br \/>\nRosalia Sferruzza<br \/>\nFabio Temussi<br \/>\n<strong>Universit\u00e0 di Pavia<\/strong><br \/>\nGiovanni Desimoni<br \/>\nGiuseppe Faita<br \/>\nMauro Freccero<br \/>\n<strong>Paolo Quadrelli<\/strong><br \/>\nPierpaolo Righetti<br \/>\nGiovanni Vidari<br \/>\nGiuseppe Zanoni<br \/>\n<strong>Universit\u00e0 di Perugia<\/strong><br \/>\nAssunta Marrocchi<br \/>\nLucio Minuti<br \/>\nFerdinando Pizzo<br \/>\nAndrea Temperini<br \/>\n<strong>Luigi Vaccaro<\/strong><br \/>\n<strong>Universit\u00e0 degli Studi della Basilicata<\/strong><br \/>\nMaurizio D\u2019Auria<br \/>\n<strong>Maria Funicello<\/strong><br \/>\nRocco Racioppi<br \/>\nStefano Superchi<br \/>\nLucia Chiummiento<br \/>\nPatrizia Scafato<\/p>\n","protected":false},"excerpt":{"rendered":"<p>ELENCO DEGLI AFFERENTI AL CENTRO Universit\u00e0 di Catania Venerando Pistar\u00e0 Antonio Rescifina Universit\u00e0 di Firenze Alberto Brandi Martina Cacciarini Antonella Capperucci Francesca Cardona Stefano Chimichi Stefano Cicchi Franca M. Cordero Francesco De Sarlo Donatella&#46;&#46;&#46;<\/p>\n","protected":false},"author":1,"featured_media":0,"parent":0,"menu_order":0,"comment_status":"open","ping_status":"open","template":"","meta":[],"_links":{"self":[{"href":"https:\/\/cirp.unipv.it\/index.php?rest_route=\/wp\/v2\/pages\/26"}],"collection":[{"href":"https:\/\/cirp.unipv.it\/index.php?rest_route=\/wp\/v2\/pages"}],"about":[{"href":"https:\/\/cirp.unipv.it\/index.php?rest_route=\/wp\/v2\/types\/page"}],"author":[{"embeddable":true,"href":"https:\/\/cirp.unipv.it\/index.php?rest_route=\/wp\/v2\/users\/1"}],"replies":[{"embeddable":true,"href":"https:\/\/cirp.unipv.it\/index.php?rest_route=%2Fwp%2Fv2%2Fcomments&post=26"}],"version-history":[{"count":8,"href":"https:\/\/cirp.unipv.it\/index.php?rest_route=\/wp\/v2\/pages\/26\/revisions"}],"predecessor-version":[{"id":638,"href":"https:\/\/cirp.unipv.it\/index.php?rest_route=\/wp\/v2\/pages\/26\/revisions\/638"}],"wp:attachment":[{"href":"https:\/\/cirp.unipv.it\/index.php?rest_route=%2Fwp%2Fv2%2Fmedia&parent=26"}],"curies":[{"name":"wp","href":"https:\/\/api.w.org\/{rel}","templated":true}]}}