{"id":22,"date":"2015-05-07T08:41:24","date_gmt":"2015-05-07T08:41:24","guid":{"rendered":"https:\/\/cirp.unipv.it\/?page_id=22"},"modified":"2022-12-19T13:58:25","modified_gmt":"2022-12-19T13:58:25","slug":"chi-siamo","status":"publish","type":"page","link":"https:\/\/cirp.unipv.it\/?page_id=22","title":{"rendered":"Chi siamo"},"content":{"rendered":"<p><a href=\"https:\/\/cirp.unipv.it\/wp-content\/uploads\/2015\/05\/IMG_0738.jpg\"><img loading=\"lazy\" class=\"alignnone  wp-image-89\" src=\"https:\/\/cirp.unipv.it\/wp-content\/uploads\/2015\/05\/IMG_0738-300x225.jpg\" alt=\"IMG_0738\" width=\"323\" height=\"243\" srcset=\"https:\/\/cirp.unipv.it\/wp-content\/uploads\/2015\/05\/IMG_0738-300x225.jpg 300w, https:\/\/cirp.unipv.it\/wp-content\/uploads\/2015\/05\/IMG_0738-1024x768.jpg 1024w\" sizes=\"(max-width: 323px) 100vw, 323px\" \/><\/a><\/p>\n<p><em>Attuale sede amministrativa<\/em>: Universit\u00e0 di Pavia, <i>Servizio Organi Collegiali e Strutture Dipartimentali<\/i>, Tel. +39 0382 984005, Strada Nuova 65; 27100 Pavia.<\/p>\n<p><strong>Istituzione del Centro:<\/strong> 27\/04\/1992, durata 9 anni Rinnovo per altri 9 anni, deliberato nel C.D. del 24\/09\/2001<br \/>\nDirettori precedenti: prof. Paolo Gr\u00fcnanger (1992-1998), Universit\u00e0 di Pavia; prof. Donato Pocar (1998-2004), Universit\u00e0 di Milano, prof. Francesco De Sarlo (2004-2010), Prof.ssa Maria Chiara Aversa Universit\u00e0 di Messina (2010-2014), Prof.ssa Maria Luisa Gelmi Universit\u00e0 di Milano (2014-2020).<br \/>\n<strong>Direttore attuale:<\/strong> Prof. Paolo Quadrelli, Universit\u00e0 di Pavia (e-mail: paolo.quadrelli@unipv.it)<\/p>\n<p>Il Centro \u00e8 stato fondato nel 1992 per iniziativa di ricercatori attivi sui temi indicati nel titolo, i quali fino dal 1978 hanno dato vita ogni due anni ad un Convegno nazionale sulle Reazioni Pericicliche (vedi ATTIVITA\u2019). Al Centro aderiscono 9 Universit\u00e0 (vedi Enti aderenti), con la partecipazione di oltre 80 docenti-ricercatori. L\u2019attivit\u00e0 del Centro consiste nel promuovere incontri scientifici e nel collegare scientificamente gruppi di ricercatori delle diverse Universit\u00e0 accomunati dall\u2019interesse per le reazioni pericicliche nei loro diversi aspetti sintetici, meccanicistici e applicativi. Questa attivit\u00e0 si concretizza nell&#8217;organizzazione, con cadenza biennale, di Convegni scientifici che costituiscono momenti di discussione e di aggregazione tra i vari gruppi. Questi Convegni sono in special modo aperti ai giovani e permettono loro di comunicare direttamente i risultati delle ricerche svolte su temi simili.<\/p>\n<p><strong>Nuova Convenzione in approvazione<\/strong><\/p>\n<p><strong>About us<\/strong><br \/>\nInteruniversity Centre on Pericyclic Reactions and Synthesis of Hetero- and Carbocyclic Systems<\/p>\n<p><strong>Director<\/strong>: Prof. Paolo Quadrelli, Universit\u00e0 di Pavia (e-mail: paolo.quadrelli@unipv.it)<\/p>\n<p><strong>Former Directors<\/strong>: prof. Paolo Gr\u00fcnanger (1992-1998), Universit\u00e0 di Pavia; prof. Donato Pocar (1998-2004), Universit\u00e0 di Milano; prof. Francesco De Sarlo (2004 &#8211; 2010) Universit\u00e0 di Firenze; Maria Chiara Aversa (2010-2014) Universit\u00e0 di Messina, Prof.ssa Maria Luisa Gelmi Universit\u00e0 di Milano (2014-2020).<\/p>\n<p><strong>Administration<\/strong>:<\/p>\n<p>Universit\u00e0 di Pavia<br \/>\n<i>Servizio Organi Collegiali e Strutture Dipartimentali<\/i><\/p>\n<p>Tel. +39 0382 984005<\/p>\n<p>Strada Nuova 65<\/p>\n<p>27100 Pavia (Italy).<\/p>\n<p>The &#8220;Interuniversity Centre on Pericyclic Reactions and Synthesis of Hetero- and Carbocyclic Systems&#8221; was chartered in 1992, but since 1978 a group of University Researchers has been organizing every two years a National Meeting on Pericyclic Reactions (see ACTIVITY). At the moment, over 80 scientists belonging to 9 Universities participate in the Centre. The aim of the Centre is to create scientific links between research groups of different Universities who share interest in synthesis, mechanisms and applications involving pericyclic reactions. Scientific meetings on this subject, organized every two years by the Centre, give the opportunity for discussions and contacts between different groups. These meetings are particularly aimed at young researchers and allow them to make know the results of their scientific activity related to the title subjects.<\/p>\n","protected":false},"excerpt":{"rendered":"<p>Attuale sede amministrativa: Universit\u00e0 di Pavia, Servizio Organi Collegiali e Strutture Dipartimentali, Tel. +39 0382 984005, Strada Nuova 65; 27100 Pavia. Istituzione del Centro: 27\/04\/1992, durata 9 anni Rinnovo per altri 9 anni, deliberato&#46;&#46;&#46;<\/p>\n","protected":false},"author":1,"featured_media":0,"parent":0,"menu_order":0,"comment_status":"open","ping_status":"open","template":"","meta":[],"_links":{"self":[{"href":"https:\/\/cirp.unipv.it\/index.php?rest_route=\/wp\/v2\/pages\/22"}],"collection":[{"href":"https:\/\/cirp.unipv.it\/index.php?rest_route=\/wp\/v2\/pages"}],"about":[{"href":"https:\/\/cirp.unipv.it\/index.php?rest_route=\/wp\/v2\/types\/page"}],"author":[{"embeddable":true,"href":"https:\/\/cirp.unipv.it\/index.php?rest_route=\/wp\/v2\/users\/1"}],"replies":[{"embeddable":true,"href":"https:\/\/cirp.unipv.it\/index.php?rest_route=%2Fwp%2Fv2%2Fcomments&post=22"}],"version-history":[{"count":9,"href":"https:\/\/cirp.unipv.it\/index.php?rest_route=\/wp\/v2\/pages\/22\/revisions"}],"predecessor-version":[{"id":598,"href":"https:\/\/cirp.unipv.it\/index.php?rest_route=\/wp\/v2\/pages\/22\/revisions\/598"}],"wp:attachment":[{"href":"https:\/\/cirp.unipv.it\/index.php?rest_route=%2Fwp%2Fv2%2Fmedia&parent=22"}],"curies":[{"name":"wp","href":"https:\/\/api.w.org\/{rel}","templated":true}]}}