{"id":152,"date":"2015-05-15T10:07:52","date_gmt":"2015-05-15T10:07:52","guid":{"rendered":"https:\/\/cirp.unipv.it\/?page_id=152"},"modified":"2019-05-06T08:52:06","modified_gmt":"2019-05-06T08:52:06","slug":"convegno-vulcano-1995","status":"publish","type":"page","link":"https:\/\/cirp.unipv.it\/?page_id=152","title":{"rendered":"Convegno Vulcano 1995"},"content":{"rendered":"<p><strong>1995 \u2013 MESSINA-VULCANO (EUCHEM) \u201cCycloadditions and Related Reactions: Theory and Practice\u201d<\/strong><br \/>\n<strong>1995 \u2013 MESSINA-VULCANO (EUCHEM) \u201cCycloadditions and Related Reactions<\/strong>: Vulcano (Messina), 21-24 Giugno 1995<\/p>\n<p>Chairman: Guglielmo Stagno d\u2019Alcontres<\/p>\n<p>Ospiti: J\u00fcrgen Sauer (Universit\u00e4t Regensburg, Rep. Fed. Tedesca), Y. Langlois (Universit\u00e9 de Paris sud, Francia), William L. Jorgensen (Yale University, USA), Giovanni Desimoni, (Universit\u00e0 di Pavia, Italia), Lutz F. Tietze (Universit\u00e4t G\u00f6ttingen, Germania), Claudio Palomo (Universidad del Pa\u00eds Vasco, San Sebasti\u00e1n, Spagna), S. Blechert (Technische Universit\u00e4t Berlin, Germania), Wolfgang Oppolzer (Universit\u00e9 de Gen\u00e8ve, C.H.), J. Fraser Stoddart (University of Birmingham, U.K.)<\/p>\n","protected":false},"excerpt":{"rendered":"<p>1995 \u2013 MESSINA-VULCANO (EUCHEM) \u201cCycloadditions and Related Reactions: Theory and Practice\u201d 1995 \u2013 MESSINA-VULCANO (EUCHEM) \u201cCycloadditions and Related Reactions: Vulcano (Messina), 21-24 Giugno 1995 Chairman: Guglielmo Stagno d\u2019Alcontres Ospiti: J\u00fcrgen Sauer (Universit\u00e4t Regensburg, Rep.&#46;&#46;&#46;<\/p>\n","protected":false},"author":1,"featured_media":0,"parent":101,"menu_order":0,"comment_status":"open","ping_status":"closed","template":"","meta":[],"_links":{"self":[{"href":"https:\/\/cirp.unipv.it\/index.php?rest_route=\/wp\/v2\/pages\/152"}],"collection":[{"href":"https:\/\/cirp.unipv.it\/index.php?rest_route=\/wp\/v2\/pages"}],"about":[{"href":"https:\/\/cirp.unipv.it\/index.php?rest_route=\/wp\/v2\/types\/page"}],"author":[{"embeddable":true,"href":"https:\/\/cirp.unipv.it\/index.php?rest_route=\/wp\/v2\/users\/1"}],"replies":[{"embeddable":true,"href":"https:\/\/cirp.unipv.it\/index.php?rest_route=%2Fwp%2Fv2%2Fcomments&post=152"}],"version-history":[{"count":1,"href":"https:\/\/cirp.unipv.it\/index.php?rest_route=\/wp\/v2\/pages\/152\/revisions"}],"predecessor-version":[{"id":154,"href":"https:\/\/cirp.unipv.it\/index.php?rest_route=\/wp\/v2\/pages\/152\/revisions\/154"}],"up":[{"embeddable":true,"href":"https:\/\/cirp.unipv.it\/index.php?rest_route=\/wp\/v2\/pages\/101"}],"wp:attachment":[{"href":"https:\/\/cirp.unipv.it\/index.php?rest_route=%2Fwp%2Fv2%2Fmedia&parent=152"}],"curies":[{"name":"wp","href":"https:\/\/api.w.org\/{rel}","templated":true}]}}