{"id":140,"date":"2015-05-15T10:00:13","date_gmt":"2015-05-15T10:00:13","guid":{"rendered":"https:\/\/cirp.unipv.it\/?page_id=140"},"modified":"2019-05-06T08:50:25","modified_gmt":"2019-05-06T08:50:25","slug":"convegno-pavia-1986","status":"publish","type":"page","link":"https:\/\/cirp.unipv.it\/?page_id=140","title":{"rendered":"Convegno Pavia 1986"},"content":{"rendered":"<p><strong>1986 \u2013 PAVIA (IV) \u201cConvegno nazionale sulle reazioni pericicliche\u201d<\/strong><br \/>\nPavia, 6-7 Ottobre 1986<\/p>\n<p>Chairman: Paolo Gr\u00fcnanger<\/p>\n<p>Ospiti: R. Schmidt (Universit\u00e4t Konstanz, C.H.), J\u00fcrgen Sauer (Universit\u00e4t Regensburg, Germania)<\/p>\n<p><a href=\"https:\/\/cirp.unipv.it\/wp-content\/uploads\/2015\/05\/Programma-Pavia-1986.pdf\">Programma Pavia 1986<\/a><\/p>\n","protected":false},"excerpt":{"rendered":"<p>1986 \u2013 PAVIA (IV) \u201cConvegno nazionale sulle reazioni pericicliche\u201d Pavia, 6-7 Ottobre 1986 Chairman: Paolo Gr\u00fcnanger Ospiti: R. Schmidt (Universit\u00e4t Konstanz, C.H.), J\u00fcrgen Sauer (Universit\u00e4t Regensburg, Germania) Programma Pavia 1986<\/p>\n","protected":false},"author":1,"featured_media":0,"parent":101,"menu_order":0,"comment_status":"open","ping_status":"closed","template":"","meta":[],"_links":{"self":[{"href":"https:\/\/cirp.unipv.it\/index.php?rest_route=\/wp\/v2\/pages\/140"}],"collection":[{"href":"https:\/\/cirp.unipv.it\/index.php?rest_route=\/wp\/v2\/pages"}],"about":[{"href":"https:\/\/cirp.unipv.it\/index.php?rest_route=\/wp\/v2\/types\/page"}],"author":[{"embeddable":true,"href":"https:\/\/cirp.unipv.it\/index.php?rest_route=\/wp\/v2\/users\/1"}],"replies":[{"embeddable":true,"href":"https:\/\/cirp.unipv.it\/index.php?rest_route=%2Fwp%2Fv2%2Fcomments&post=140"}],"version-history":[{"count":3,"href":"https:\/\/cirp.unipv.it\/index.php?rest_route=\/wp\/v2\/pages\/140\/revisions"}],"predecessor-version":[{"id":226,"href":"https:\/\/cirp.unipv.it\/index.php?rest_route=\/wp\/v2\/pages\/140\/revisions\/226"}],"up":[{"embeddable":true,"href":"https:\/\/cirp.unipv.it\/index.php?rest_route=\/wp\/v2\/pages\/101"}],"wp:attachment":[{"href":"https:\/\/cirp.unipv.it\/index.php?rest_route=%2Fwp%2Fv2%2Fmedia&parent=140"}],"curies":[{"name":"wp","href":"https:\/\/api.w.org\/{rel}","templated":true}]}}