{"id":130,"date":"2015-05-15T09:42:54","date_gmt":"2015-05-15T09:42:54","guid":{"rendered":"https:\/\/cirp.unipv.it\/?page_id=130"},"modified":"2019-05-06T08:47:59","modified_gmt":"2019-05-06T08:47:59","slug":"convegno-milano-1980","status":"publish","type":"page","link":"https:\/\/cirp.unipv.it\/?page_id=130","title":{"rendered":"Convegno Milano 1980"},"content":{"rendered":"<p><strong>1980 \u2013 MILANO (II) \u201cCicloaddizioni e reazioni collegate\u201d<\/strong><br \/>\nMilano, 29-30 Ottobre 1980<\/p>\n<p>Chairman: Raffaello Fusco<\/p>\n<p>Ospiti: Rolf Huisgen (Universit\u00e4t M\u00fcnchen, Germania), Armin De Meij\u00e8re (Universit\u00e4t Hamburg, Germania)<\/p>\n","protected":false},"excerpt":{"rendered":"<p>1980 \u2013 MILANO (II) \u201cCicloaddizioni e reazioni collegate\u201d Milano, 29-30 Ottobre 1980 Chairman: Raffaello Fusco Ospiti: Rolf Huisgen (Universit\u00e4t M\u00fcnchen, Germania), Armin De Meij\u00e8re (Universit\u00e4t Hamburg, Germania)<\/p>\n","protected":false},"author":1,"featured_media":0,"parent":101,"menu_order":0,"comment_status":"open","ping_status":"open","template":"","meta":[],"_links":{"self":[{"href":"https:\/\/cirp.unipv.it\/index.php?rest_route=\/wp\/v2\/pages\/130"}],"collection":[{"href":"https:\/\/cirp.unipv.it\/index.php?rest_route=\/wp\/v2\/pages"}],"about":[{"href":"https:\/\/cirp.unipv.it\/index.php?rest_route=\/wp\/v2\/types\/page"}],"author":[{"embeddable":true,"href":"https:\/\/cirp.unipv.it\/index.php?rest_route=\/wp\/v2\/users\/1"}],"replies":[{"embeddable":true,"href":"https:\/\/cirp.unipv.it\/index.php?rest_route=%2Fwp%2Fv2%2Fcomments&post=130"}],"version-history":[{"count":1,"href":"https:\/\/cirp.unipv.it\/index.php?rest_route=\/wp\/v2\/pages\/130\/revisions"}],"predecessor-version":[{"id":132,"href":"https:\/\/cirp.unipv.it\/index.php?rest_route=\/wp\/v2\/pages\/130\/revisions\/132"}],"up":[{"embeddable":true,"href":"https:\/\/cirp.unipv.it\/index.php?rest_route=\/wp\/v2\/pages\/101"}],"wp:attachment":[{"href":"https:\/\/cirp.unipv.it\/index.php?rest_route=%2Fwp%2Fv2%2Fmedia&parent=130"}],"curies":[{"name":"wp","href":"https:\/\/api.w.org\/{rel}","templated":true}]}}